{"id":2,"date":"2023-06-30T16:02:16","date_gmt":"2023-06-30T14:02:16","guid":{"rendered":"http:\/\/wimgroup.fr\/?page_id=2"},"modified":"2023-07-03T13:32:31","modified_gmt":"2023-07-03T11:32:31","slug":"page-d-exemple","status":"publish","type":"page","link":"https:\/\/wimgroup.fr\/","title":{"rendered":"Page d\u2019exemple"},"content":{"rendered":"<div data-colibri-id=\"2-c1\" class=\"style-198 style-local-2-c1 position-relative\">\n  <!---->\n  <div data-colibri-component=\"section\" data-colibri-id=\"2-c2\" id=\"content\" class=\"h-section h-section-global-spacing d-flex align-items-lg-center align-items-md-center align-items-center style-203 style-local-2-c2 position-relative\">\n    <!---->\n    <!---->\n    <div class=\"h-section-grid-container h-section-fluid-container\">\n      <!---->\n      <div data-colibri-id=\"2-c3\" class=\"h-row-container gutters-row-lg-0 gutters-row-md-0 gutters-row-0 gutters-row-v-lg-0 gutters-row-v-md-0 gutters-row-v-0 style-204 style-local-2-c3 position-relative\">\n        <!---->\n        <div class=\"h-row justify-content-lg-center justify-content-md-center justify-content-center align-items-lg-stretch align-items-md-stretch align-items-stretch gutters-col-lg-0 gutters-col-md-0 gutters-col-0 gutters-col-v-lg-0 gutters-col-v-md-0 gutters-col-v-0\">\n          <!---->\n          <div class=\"h-column h-column-container d-flex h-col-lg-auto h-col-md-auto h-col-auto style-205-outer style-local-2-c4-outer\">\n            <div data-colibri-id=\"2-c4\" class=\"d-flex h-flex-basis h-column__inner h-px-lg-0 h-px-md-0 h-px-0 v-inner-lg-0 v-inner-md-0 v-inner-0 style-205 style-local-2-c4 position-relative\">\n              <!---->\n              <!---->\n              <div class=\"w-100 h-y-container h-column__content h-column__v-align flex-basis-100 align-self-lg-center align-self-md-center align-self-center\">\n                <!---->\n                <div data-colibri-id=\"2-c5\" data-aos=\"fadeIn\" class=\"d-block style-229 style-local-2-c5 position-relative h-element\">\n                  <!---->\n                  <div class=\"h-image__frame-container-outer\">\n                    <div class=\"h-image__frame-container\">\n                      <!---->\n                      <!---->\n                      <img loading=\"lazy\" decoding=\"async\" width=\"359\" height=\"119\" src=\"http:\/\/wimgroup.fr\/wp-content\/uploads\/2023\/07\/logo-wim-gris.png\" class=\"wp-image-214 style-229-image style-local-2-c5-image\" alt=\"\" srcset=\"https:\/\/wimgroup.fr\/wp-content\/uploads\/2023\/07\/logo-wim-gris.png 359w, https:\/\/wimgroup.fr\/wp-content\/uploads\/2023\/07\/logo-wim-gris-300x99.png 300w\" sizes=\"auto, (max-width: 359px) 100vw, 359px\" \/>\n                      <div class=\"h-image__frame h-hide-lg h-hide-md h-hide-sm style-229-frameImage style-local-2-c5-frameImage\"><\/div>\n                    <\/div>\n                  <\/div>\n                <\/div>\n              <\/div>\n            <\/div>\n          <\/div>\n          <div class=\"h-column h-column-container d-flex h-col-lg-auto h-col-md-auto h-col-auto style-206-outer style-local-2-c6-outer\">\n            <div data-colibri-id=\"2-c6\" class=\"d-flex h-flex-basis h-column__inner h-px-lg-0 h-px-md-0 h-px-0 v-inner-lg-0 v-inner-md-0 v-inner-0 style-206 style-local-2-c6 position-relative\">\n              <!---->\n              <!---->\n              <div class=\"w-100 h-y-container h-column__content h-column__v-align flex-basis-100 align-self-lg-center align-self-md-center align-self-center\">\n                <!---->\n                <div data-colibri-id=\"2-c7\" class=\"style-224 style-local-2-c7 position-relative h-element\">\n                  <!---->\n                <\/div>\n                <div data-colibri-id=\"2-c8\" class=\"style-226 style-local-2-c8 h-hide-sm position-relative h-element\">\n                  <!---->\n                <\/div>\n                <div data-colibri-id=\"2-c9\" class=\"h-text h-text-component style-213 style-local-2-c9 position-relative h-element\">\n                  <!---->\n                  <!---->\n                  <div class=\"\">\n                    <p>Nous sommes WIM, <span style=\"font-weight: 700;\">promoteur et am\u00e9nageur ind\u00e9pendant<\/span>. Nous avons \u00e0 c\u0153ur de construire des biens qui feront la fiert\u00e9 des g\u00e9n\u00e9rations \u00e0 venir. <span style=\"font-weight: 700;\">Avec efficience et responsabilit\u00e9<\/span>.<\/p>\n                    <p>Les projets immobiliers naissent gr\u00e2ce \u00e0 la force de l\u2019imagination. Ils se r\u00e9alisent avec la puissance de l\u2019exp\u00e9rience. Avec des savoir faire qui ont travers\u00e9 les \u00e9poques et des innovations qui am\u00e9liorent notre futur.<\/p>\n                  <\/div>\n                <\/div>\n                <div data-colibri-id=\"2-c10\" class=\"style-222 style-local-2-c10 h-hide-sm position-relative h-element\">\n                  <!---->\n                <\/div>\n                <div data-colibri-id=\"2-c11\" class=\"h-row-container gutters-row-lg-0 gutters-row-md-0 gutters-row-0 gutters-row-v-lg-0 gutters-row-v-md-0 gutters-row-v-0 style-214 style-local-2-c11 position-relative\">\n                  <!---->\n                  <div class=\"h-row justify-content-lg-start justify-content-md-start justify-content-start align-items-lg-stretch align-items-md-stretch align-items-stretch gutters-col-lg-0 gutters-col-md-0 gutters-col-0 gutters-col-v-lg-0 gutters-col-v-md-0 gutters-col-v-0\">\n                    <!---->\n                    <div class=\"h-column h-column-container d-flex h-col-lg-auto h-col-md-auto h-col-auto style-215-outer style-local-2-c12-outer\">\n                      <div data-colibri-id=\"2-c12\" class=\"d-flex h-flex-basis h-column__inner h-px-lg-0 h-px-md-0 h-px-0 v-inner-lg-0 v-inner-md-0 v-inner-0 style-215 style-local-2-c12 position-relative\">\n                        <!---->\n                        <!---->\n                        <div class=\"w-100 h-y-container h-column__content h-column__v-align flex-basis-100 align-self-lg-center align-self-md-center align-self-center\">\n                          <!---->\n                          <div data-colibri-id=\"2-c13\" class=\"h-icon style-218 style-local-2-c13 h-hide-sm position-relative h-element\">\n                            <!----><span class=\"h-svg-icon h-icon__icon style-218-icon style-local-2-c13-icon\"><!--Icon by Ionicons (https:\/\/ionicons.com)--><svg version=\"1.1\" xmlns=\"http:\/\/www.w3.org\/2000\/svg\" xmlns:xlink=\"http:\/\/www.w3.org\/1999\/xlink\" id=\"ios-arrow-thin-right\" viewBox=\"0 0 320 512\"><path d=\"M226 350c-3-3-3-9 0-12l67-74H8c-4 0-8-4-8-8s4-8 8-8h285l-67-74c-3-3-3-9 0-12s9-3 12 0c0 0 79 87 80 88s2 3 2 6-1 5-2 6-80 88-80 88c-2 2-4 2-6 2s-4 0-6-2z\"><\/path><\/svg><\/span><\/div>\n                        <\/div>\n                      <\/div>\n                    <\/div>\n                    <div class=\"h-column h-column-container d-flex h-col-lg-auto h-col-md-auto h-col-auto style-216-outer style-local-2-c14-outer\">\n                      <div data-colibri-id=\"2-c14\" class=\"d-flex h-flex-basis h-column__inner h-px-lg-2 h-px-md-2 h-px-2 v-inner-lg-2 v-inner-md-2 v-inner-2 style-216 style-local-2-c14 position-relative\">\n                        <!---->\n                        <!---->\n                        <div class=\"w-100 h-y-container h-column__content h-column__v-align flex-basis-100 align-self-lg-start align-self-md-start align-self-start\">\n                          <!---->\n                          <div data-colibri-id=\"2-c15\" class=\"h-x-container style-220 style-local-2-c15 position-relative h-element\">\n                            <!---->\n                            <div class=\"h-x-container-inner style-dynamic-2-c15-group style-220-spacing style-local-2-c15-spacing\"><span class=\"h-link__outer style-221-outer style-local-2-c16-outer d-inline-flex h-element\"><a h-use-smooth-scroll=\"true\" href=\"mailto:guillaume.sede@gmail.com\"  data-colibri-id=\"2-c16\" class=\"d-flex w-100 align-items-center h-link style-221 style-local-2-c16 position-relative\"><!----><!----> <span>Contact<\/span><\/a>\n                              <\/span>\n                            <\/div>\n                          <\/div>\n                        <\/div>\n                      <\/div>\n                    <\/div>\n                  <\/div>\n                <\/div>\n                <div data-colibri-id=\"2-c17\" class=\"style-222 style-local-2-c17 h-hide-sm position-relative h-element\">\n                  <!---->\n                <\/div>\n                <div data-colibri-id=\"2-c18\" class=\"h-text h-text-component style-223 style-local-2-c18 position-relative h-element\">\n                  <!---->\n                  <!---->\n                  <div class=\"\">\n                    <p>32. Chemin Yves Dollo 13007 Marseille<\/p>\n                  <\/div>\n                <\/div>\n                <div data-colibri-id=\"2-c19\" class=\"style-226 style-local-2-c19 h-hide-sm position-relative h-element\">\n                  <!---->\n                <\/div>\n              <\/div>\n            <\/div>\n          <\/div>\n        <\/div>\n      <\/div>\n    <\/div>\n  <\/div>\n<\/div>","protected":false},"excerpt":{"rendered":"<p>Nous sommes WIM, promoteur et am\u00e9nageur ind\u00e9pendant. Nous avons \u00e0 c\u0153ur de construire des biens qui feront la fiert\u00e9 des g\u00e9n\u00e9rations \u00e0 venir. Avec efficience et responsabilit\u00e9. Les projets immobiliers naissent gr\u00e2ce \u00e0 la force de l\u2019imagination. Ils se r\u00e9alisent avec la puissance de l\u2019exp\u00e9rience. Avec des savoir faire qui ont travers\u00e9 les \u00e9poques et [&hellip;]<\/p>\n","protected":false},"author":1,"featured_media":0,"parent":0,"menu_order":0,"comment_status":"closed","ping_status":"open","template":"page-templates\/full-width-page.php","meta":{"footnotes":""},"class_list":["post-2","page","type-page","status-publish","hentry"],"_links":{"self":[{"href":"https:\/\/wimgroup.fr\/index.php\/wp-json\/wp\/v2\/pages\/2","targetHints":{"allow":["GET"]}}],"collection":[{"href":"https:\/\/wimgroup.fr\/index.php\/wp-json\/wp\/v2\/pages"}],"about":[{"href":"https:\/\/wimgroup.fr\/index.php\/wp-json\/wp\/v2\/types\/page"}],"author":[{"embeddable":true,"href":"https:\/\/wimgroup.fr\/index.php\/wp-json\/wp\/v2\/users\/1"}],"replies":[{"embeddable":true,"href":"https:\/\/wimgroup.fr\/index.php\/wp-json\/wp\/v2\/comments?post=2"}],"version-history":[{"count":20,"href":"https:\/\/wimgroup.fr\/index.php\/wp-json\/wp\/v2\/pages\/2\/revisions"}],"predecessor-version":[{"id":307,"href":"https:\/\/wimgroup.fr\/index.php\/wp-json\/wp\/v2\/pages\/2\/revisions\/307"}],"wp:attachment":[{"href":"https:\/\/wimgroup.fr\/index.php\/wp-json\/wp\/v2\/media?parent=2"}],"curies":[{"name":"wp","href":"https:\/\/api.w.org\/{rel}","templated":true}]}}